{"id":462,"date":"2025-09-28T12:07:57","date_gmt":"2025-09-28T10:07:57","guid":{"rendered":"https:\/\/fecirjongeren.nl\/?page_id=462"},"modified":"2025-09-28T12:19:14","modified_gmt":"2025-09-28T10:19:14","slug":"genel-hukum-ve-kosullar","status":"publish","type":"page","link":"https:\/\/fecirjongeren.nl\/tr\/genel-hukum-ve-kosullar\/","title":{"rendered":"Genel h\u00fck\u00fcm ve ko\u015fullar"},"content":{"rendered":"<div data-elementor-type=\"wp-page\" data-elementor-id=\"462\" class=\"elementor elementor-462\" data-elementor-post-type=\"page\">\n\t\t\t\t<div class=\"elementor-element elementor-element-436a376 e-flex e-con-boxed e-con e-parent\" data-id=\"436a376\" data-element_type=\"container\" data-e-type=\"container\">\n\t\t\t\t\t<div class=\"e-con-inner\">\n\t\t\t\t<div class=\"elementor-element elementor-element-90c8ecc elementor-widget elementor-widget-text-editor\" data-id=\"90c8ecc\" data-element_type=\"widget\" data-e-type=\"widget\" data-widget_type=\"text-editor.default\">\n\t\t\t\t<div class=\"elementor-widget-container\">\n\t\t\t\t\t\t\t\t\t<h1 data-start=\"311\" data-end=\"360\">Genel \u015fartlar ve ko\u015fullar Fecir Gen\u00e7lik Vakf\u0131<\/h1><p data-start=\"362\" data-end=\"554\"><strong data-start=\"362\" data-end=\"381\">Vak\u0131f ad\u0131:<\/strong> Fecir Gen\u00e7lik Vakf\u0131<br data-start=\"406\" data-end=\"409\" \/><strong data-start=\"409\" data-end=\"419\">Adres:<\/strong> Molenvliet 121, 3076 CJ Rotterdam<br data-start=\"453\" data-end=\"456\" \/><strong data-start=\"456\" data-end=\"467\">E-posta:<\/strong> <a class=\"decorated-link cursor-pointer\" rel=\"noopener\" data-start=\"468\" data-end=\"489\">info@fecirjongeren.nl<\/a><br data-start=\"489\" data-end=\"492\" \/><strong data-start=\"492\" data-end=\"507\">Yasal \u015fekli:<\/strong> Vak\u0131f<br data-start=\"517\" data-end=\"520\" \/><strong data-start=\"520\" data-end=\"537\">Y\u00fcr\u00fcrl\u00fck tarihi:<\/strong> 1 Ekim 2025<\/p><hr data-start=\"556\" data-end=\"559\" \/><h2 data-start=\"561\" data-end=\"585\">1. Uygulanabilirlik<\/h2><p data-start=\"586\" data-end=\"857\">1.1 Bu genel h\u00fck\u00fcm ve ko\u015fullar, Fecir Gen\u00e7lik Vakf\u0131 (bundan b\u00f6yle \u201cVak\u0131f\u201d olarak an\u0131lacakt\u0131r) taraf\u0131ndan d\u00fczenlenen veya sunulan t\u00fcm faaliyetler, etkinlikler ve hizmetler i\u00e7in ge\u00e7erlidir.<br data-start=\"776\" data-end=\"779\" \/>1.2 H\u00fck\u00fcm ve ko\u015fullar, Vakfa gelen t\u00fcm ziyaret\u00e7iler ve ba\u011f\u0131\u015f\u00e7\u0131lar i\u00e7in ge\u00e7erlidir.<\/p><hr data-start=\"859\" data-end=\"862\" \/><h2 data-start=\"864\" data-end=\"892\">2. Ama\u00e7 ve faaliyetler<\/h2><p data-start=\"893\" data-end=\"1115\">2.1 Vak\u0131f, e\u011fitim, gen\u00e7lik geli\u015fimi, dini ve sivil kat\u0131l\u0131ma y\u00f6nelik faaliyetler d\u00fczenlemektedir.<br data-start=\"1023\" data-end=\"1026\" \/>2.2 Aksi belirtilmedik\u00e7e faaliyetlere kat\u0131l\u0131m g\u00f6n\u00fcll\u00fcl\u00fck esas\u0131na dayan\u0131r.<\/p><hr data-start=\"1117\" data-end=\"1120\" \/><h2 data-start=\"1122\" data-end=\"1154\">3. \u00dcyelik ve ba\u011f\u0131\u015flar<\/h2><p data-start=\"1155\" data-end=\"1377\">3.1 Vakf\u0131n hem \u00fcyeleri hem de ba\u011f\u0131\u015f\u00e7\u0131lar\u0131 vard\u0131r.<br data-start=\"1203\" data-end=\"1206\" \/>3.2 \u00dcyelik ve ba\u011f\u0131\u015flar g\u00f6n\u00fcll\u00fcl\u00fck esas\u0131na dayan\u0131r ve herhangi bir zorunluluk yoktur.<br data-start=\"1267\" data-end=\"1270\" \/>3.3 \u00dcyeli\u011fin veya ba\u011f\u0131\u015f\u00e7\u0131l\u0131\u011f\u0131n sona erdirilmesi herhangi bir zamanda kurula bildirilebilir.<\/p><hr data-start=\"1379\" data-end=\"1382\" \/><h2 data-start=\"1384\" data-end=\"1416\">4. Tesislerin kullan\u0131m\u0131<\/h2><p data-start=\"1417\" data-end=\"1724\">4.1 Vakf\u0131n tesisleri, d\u00fczenlenen faaliyetler kapsam\u0131nda ziyaret\u00e7iler ve \u00fcyeler taraf\u0131ndan eri\u015filebilir durumdad\u0131r.<br data-start=\"1546\" data-end=\"1549\" \/>4.2 Ziyaret\u00e7iler, \u0130slam'\u0131n normlar\u0131 ve de\u011ferleri do\u011frultusunda ev kurallar\u0131na uymal\u0131d\u0131r.<br data-start=\"1658\" data-end=\"1661\" \/>4.3 Alkol, uyu\u015fturucu ve uygunsuz davran\u0131\u015flara izin verilmeyecektir.<\/p><hr data-start=\"1726\" data-end=\"1729\" \/><h2 data-start=\"1731\" data-end=\"1766\">5. Etkinlikler ve faaliyetler<\/h2><p data-start=\"1767\" data-end=\"1977\">5.1 Vak\u0131f ba\u011f\u0131ms\u0131z olarak etkinlikler ve kurslar d\u00fczenlemektedir.<br data-start=\"1833\" data-end=\"1836\" \/>5.2 \u00dc\u00e7\u00fcnc\u00fc taraflar, Vak\u0131f ad\u0131na veya Vak\u0131f tesislerinde ba\u011f\u0131ms\u0131z olarak faaliyet d\u00fczenleme hakk\u0131na sahip de\u011fildir.<\/p><hr data-start=\"1979\" data-end=\"1982\" \/><h2 data-start=\"1984\" data-end=\"2009\">6. Sorumluluk<\/h2><p data-start=\"2010\" data-end=\"2268\">6.1 Vak\u0131f, ziyaret\u00e7ilerin ki\u015fisel e\u015fyalar\u0131n\u0131n kaybolmas\u0131, \u00e7al\u0131nmas\u0131 veya hasar g\u00f6rmesinden sorumlu de\u011fildir.<br data-start=\"2125\" data-end=\"2128\" \/>6.2 Vak\u0131f m\u00fclk\u00fcne ziyaret\u00e7iler taraf\u0131ndan verilen zararlar ilgili ziyaret\u00e7i(ler) taraf\u0131ndan tazmin edilmelidir.<\/p><hr data-start=\"2270\" data-end=\"2273\" \/><h2 data-start=\"2275\" data-end=\"2294\">7. Davran\u0131\u015f Kurallar\u0131<\/h2><p data-start=\"2295\" data-end=\"2552\">7.1 Ziyaret\u00e7iler sayg\u0131, g\u00fcvenlik ve dini normlara uygun davranmal\u0131d\u0131r.<br data-start=\"2397\" data-end=\"2400\" \/>7.2 Ev kurallar\u0131n\u0131n ihlal edilmesi halinde, Vak\u0131f ziyaret\u00e7ilerin eri\u015fimini reddetme veya \u00fcyeli\u011fi sona erdirme hakk\u0131n\u0131 sakl\u0131 tutar.<\/p><hr data-start=\"2554\" data-end=\"2557\" \/><h2 data-start=\"2559\" data-end=\"2594\">8. Gizlilik ve ki\u015fisel veriler<\/h2><p data-start=\"2595\" data-end=\"2917\">8.1 Vak\u0131f, \u00fcyelerin ve ba\u011f\u0131\u015f\u00e7\u0131lar\u0131n ki\u015fisel verilerini yaln\u0131zca idari ama\u00e7larla toplar.<br data-start=\"2706\" data-end=\"2709\" \/>8.2 Bu veriler Vakf\u0131n dahili veri taban\u0131nda dikkatli ve g\u00fcvenli bir \u015fekilde saklan\u0131r.<br data-start=\"2803\" data-end=\"2806\" \/>8.3 Daha fazla ayr\u0131nt\u0131 i\u00e7in l\u00fctfen Vakf\u0131n ayr\u0131 gizlilik bildirimine (haz\u0131rl\u0131k a\u015famas\u0131nda) bak\u0131n.<\/p><hr data-start=\"2919\" data-end=\"2922\" \/><h2 data-start=\"2924\" data-end=\"2946\">9. Nihai h\u00fck\u00fcmler<\/h2><p data-start=\"2947\" data-end=\"3217\">9.1 Bu h\u00fck\u00fcm ve ko\u015fullar m\u00fcnhas\u0131ran Hollanda yasalar\u0131na tabidir.<br data-start=\"3018\" data-end=\"3021\" \/>9.2 Bu h\u00fck\u00fcm ve ko\u015fullardan kaynaklanan anla\u015fmazl\u0131klar Rotterdam b\u00f6lgesindeki yetkili mahkemeye sunulacakt\u0131r.<br data-start=\"3155\" data-end=\"3158\" \/>9.3 Bu h\u00fck\u00fcm ve ko\u015fullar 1 Ekim 2025 tarihinde y\u00fcr\u00fcrl\u00fc\u011fe girecektir.<\/p>\t\t\t\t\t\t\t\t<\/div>\n\t\t\t\t<\/div>\n\t\t\t\t\t<\/div>\n\t\t\t\t<\/div>\n\t\t\t\t<\/div>","protected":false},"excerpt":{"rendered":"<p>Algemene Voorwaarden Stichting Fecir Jongeren Naam stichting: Stichting Fecir JongerenAdres: Molenvliet 121, 3076 CJ RotterdamE-mail: info@fecirjongeren.nlRechtsvorm: StichtingIngangsdatum: 1 oktober 2025 1. Toepasselijkheid 1.1 Deze algemene voorwaarden zijn van toepassing op alle activiteiten, evenementen en diensten die door Stichting Fecir Jongeren (hierna: &#8220;de Stichting&#8221;) worden georganiseerd of aangeboden.1.2 De voorwaarden gelden voor alle bezoekers en donateurs [&hellip;]<\/p>\n","protected":false},"author":1,"featured_media":0,"parent":0,"menu_order":0,"comment_status":"closed","ping_status":"closed","template":"elementor_header_footer","meta":{"_surecart_dashboard_logo_width":"180px","_surecart_dashboard_show_logo":true,"_surecart_dashboard_navigation_orders":true,"_surecart_dashboard_navigation_invoices":true,"_surecart_dashboard_navigation_subscriptions":true,"_surecart_dashboard_navigation_downloads":true,"_surecart_dashboard_navigation_billing":true,"_surecart_dashboard_navigation_account":true,"uix_meta_title":"","uix_meta_description":"","uix_canonical_url":"","footnotes":""},"class_list":["post-462","page","type-page","status-publish","hentry"],"_links":{"self":[{"href":"https:\/\/fecirjongeren.nl\/tr\/wp-json\/wp\/v2\/pages\/462","targetHints":{"allow":["GET"]}}],"collection":[{"href":"https:\/\/fecirjongeren.nl\/tr\/wp-json\/wp\/v2\/pages"}],"about":[{"href":"https:\/\/fecirjongeren.nl\/tr\/wp-json\/wp\/v2\/types\/page"}],"author":[{"embeddable":true,"href":"https:\/\/fecirjongeren.nl\/tr\/wp-json\/wp\/v2\/users\/1"}],"replies":[{"embeddable":true,"href":"https:\/\/fecirjongeren.nl\/tr\/wp-json\/wp\/v2\/comments?post=462"}],"version-history":[{"count":10,"href":"https:\/\/fecirjongeren.nl\/tr\/wp-json\/wp\/v2\/pages\/462\/revisions"}],"predecessor-version":[{"id":474,"href":"https:\/\/fecirjongeren.nl\/tr\/wp-json\/wp\/v2\/pages\/462\/revisions\/474"}],"wp:attachment":[{"href":"https:\/\/fecirjongeren.nl\/tr\/wp-json\/wp\/v2\/media?parent=462"}],"curies":[{"name":"wp","href":"https:\/\/api.w.org\/{rel}","templated":true}]}}