{"id":726,"date":"2025-10-08T06:29:49","date_gmt":"2025-10-08T04:29:49","guid":{"rendered":"https:\/\/fecirjongeren.nl\/?page_id=726"},"modified":"2026-01-03T15:07:05","modified_gmt":"2026-01-03T14:07:05","slug":"bagisla","status":"publish","type":"page","link":"https:\/\/fecirjongeren.nl\/tr\/bagisla\/","title":{"rendered":"Ba\u011f\u0131\u015f Yap\u0131n"},"content":{"rendered":"<div data-elementor-type=\"wp-page\" data-elementor-id=\"726\" class=\"elementor elementor-726\" data-elementor-post-type=\"page\">\n\t\t\t\t<div class=\"elementor-element elementor-element-1daa95c e-flex e-con-boxed e-con e-parent\" data-id=\"1daa95c\" data-element_type=\"container\" data-e-type=\"container\" data-settings=\"{&quot;background_background&quot;:&quot;classic&quot;}\">\n\t\t\t\t\t<div class=\"e-con-inner\">\n\t\t\t\t<div class=\"elementor-element elementor-element-9baa173 elementor-widget__width-initial elementor-widget-mobile__width-inherit elementor-widget elementor-widget-heading\" data-id=\"9baa173\" data-element_type=\"widget\" data-e-type=\"widget\" data-widget_type=\"heading.default\">\n\t\t\t\t<div class=\"elementor-widget-container\">\n\t\t\t\t\t<h1 class=\"elementor-heading-title elementor-size-default\">Vakf\u0131m\u0131z\u0131 destekleyin ve bir fark yarat\u0131n!<\/h1>\t\t\t\t<\/div>\n\t\t\t\t<\/div>\n\t\t<div class=\"elementor-element elementor-element-2c0c99f e-con-full animated-fast e-flex e-con e-child\" data-id=\"2c0c99f\" data-element_type=\"container\" data-e-type=\"container\" data-settings=\"{&quot;background_background&quot;:&quot;classic&quot;,&quot;animation&quot;:&quot;none&quot;,&quot;animation_delay&quot;:750}\">\n\t\t\t\t<div class=\"elementor-element elementor-element-a58ef42 elementor-widget elementor-widget-text-editor\" data-id=\"a58ef42\" data-element_type=\"widget\" data-e-type=\"widget\" data-widget_type=\"text-editor.default\">\n\t\t\t\t<div class=\"elementor-widget-container\">\n\t\t\t\t\t\t\t\t\t<p>Ba\u011f\u0131\u015f\u0131n\u0131zla gen\u00e7leri desteklememize, onlara ilham vermemize ve onlarla ba\u011flant\u0131 kurmam\u0131za yard\u0131mc\u0131 oluyorsunuz. B\u00fcy\u00fck ya da k\u00fc\u00e7\u00fck her katk\u0131, toplumumuz i\u00e7in daha iyi bir gelece\u011fe katk\u0131da bulunur. Birlikte, ger\u00e7ek etkisi olan projeleri hayata ge\u00e7irebiliriz.<\/p>\t\t\t\t\t\t\t\t<\/div>\n\t\t\t\t<\/div>\n\t\t\t\t<div class=\"elementor-element elementor-element-27f2435 elementor-widget-divider--view-line elementor-widget elementor-widget-divider\" data-id=\"27f2435\" data-element_type=\"widget\" data-e-type=\"widget\" data-widget_type=\"divider.default\">\n\t\t\t\t<div class=\"elementor-widget-container\">\n\t\t\t\t\t\t\t<div class=\"elementor-divider\">\n\t\t\t<span class=\"elementor-divider-separator\">\n\t\t\t\t\t\t<\/span>\n\t\t<\/div>\n\t\t\t\t\t\t<\/div>\n\t\t\t\t<\/div>\n\t\t\t\t<div class=\"elementor-element elementor-element-dff0a6b elementor-list-item-link-inline elementor-align-start elementor-icon-list--layout-traditional elementor-widget elementor-widget-icon-list\" data-id=\"dff0a6b\" data-element_type=\"widget\" data-e-type=\"widget\" data-widget_type=\"icon-list.default\">\n\t\t\t\t<div class=\"elementor-widget-container\">\n\t\t\t\t\t\t\t<ul class=\"elementor-icon-list-items\">\n\t\t\t\t\t\t\t<li class=\"elementor-icon-list-item\">\n\t\t\t\t\t\t\t\t\t\t\t<span class=\"elementor-icon-list-icon\">\n\t\t\t\t\t\t\t<svg aria-hidden=\"true\" class=\"e-font-icon-svg e-fas-check\" viewbox=\"0 0 512 512\" xmlns=\"http:\/\/www.w3.org\/2000\/svg\"><path d=\"M173.898 439.404l-166.4-166.4c-9.997-9.997-9.997-26.206 0-36.204l36.203-36.204c9.997-9.998 26.207-9.998 36.204 0L192 312.69 432.095 72.596c9.997-9.997 26.207-9.997 36.204 0l36.203 36.204c9.997 9.997 9.997 26.206 0 36.204l-294.4 294.401c-9.998 9.997-26.207 9.997-36.204-.001z\"><\/path><\/svg>\t\t\t\t\t\t<\/span>\n\t\t\t\t\t\t\t\t\t\t<span class=\"elementor-icon-list-text\">Gen\u00e7lere kendilerini geli\u015ftirme f\u0131rsat\u0131 vermek i\u00e7in konferanslar, kurslar ve at\u00f6lye \u00e7al\u0131\u015fmalar\u0131 d\u00fczenliyoruz.<\/span>\n\t\t\t\t\t\t\t\t\t<\/li>\n\t\t\t\t\t\t\t\t<li class=\"elementor-icon-list-item\">\n\t\t\t\t\t\t\t\t\t\t\t<span class=\"elementor-icon-list-icon\">\n\t\t\t\t\t\t\t<svg aria-hidden=\"true\" class=\"e-font-icon-svg e-fas-check\" viewbox=\"0 0 512 512\" xmlns=\"http:\/\/www.w3.org\/2000\/svg\"><path d=\"M173.898 439.404l-166.4-166.4c-9.997-9.997-9.997-26.206 0-36.204l36.203-36.204c9.997-9.998 26.207-9.998 36.204 0L192 312.69 432.095 72.596c9.997-9.997 26.207-9.997 36.204 0l36.203 36.204c9.997 9.997 9.997 26.206 0 36.204l-294.4 294.401c-9.998 9.997-26.207 9.997-36.204-.001z\"><\/path><\/svg>\t\t\t\t\t\t<\/span>\n\t\t\t\t\t\t\t\t\t\t<span class=\"elementor-icon-list-text\">Spor ve oyunlardan toplant\u0131lara kadar, gen\u00e7lerin bir araya gelmesi i\u00e7in g\u00fcvenli bir yer sa\u011fl\u0131yoruz.<\/span>\n\t\t\t\t\t\t\t\t\t<\/li>\n\t\t\t\t\t\t\t\t<li class=\"elementor-icon-list-item\">\n\t\t\t\t\t\t\t\t\t\t\t<span class=\"elementor-icon-list-icon\">\n\t\t\t\t\t\t\t<svg aria-hidden=\"true\" class=\"e-font-icon-svg e-fas-check\" viewbox=\"0 0 512 512\" xmlns=\"http:\/\/www.w3.org\/2000\/svg\"><path d=\"M173.898 439.404l-166.4-166.4c-9.997-9.997-9.997-26.206 0-36.204l36.203-36.204c9.997-9.998 26.207-9.998 36.204 0L192 312.69 432.095 72.596c9.997-9.997 26.207-9.997 36.204 0l36.203 36.204c9.997 9.997 9.997 26.206 0 36.204l-294.4 294.401c-9.998 9.997-26.207 9.997-36.204-.001z\"><\/path><\/svg>\t\t\t\t\t\t<\/span>\n\t\t\t\t\t\t\t\t\t\t<span class=\"elementor-icon-list-text\">Deste\u011finizle, gen\u00e7lerin kendi yerlerini bulduklar\u0131 g\u00fc\u00e7l\u00fc ve kat\u0131l\u0131mc\u0131 bir topluluk in\u015fa edece\u011fiz.<\/span>\n\t\t\t\t\t\t\t\t\t<\/li>\n\t\t\t\t\t\t<\/ul>\n\t\t\t\t\t\t<\/div>\n\t\t\t\t<\/div>\n\t\t\t\t<div class=\"elementor-element elementor-element-19b283c elementor-widget-divider--view-line elementor-widget elementor-widget-divider\" data-id=\"19b283c\" data-element_type=\"widget\" data-e-type=\"widget\" id=\"donatiebalk\" data-widget_type=\"divider.default\">\n\t\t\t\t<div class=\"elementor-widget-container\">\n\t\t\t\t\t\t\t<div class=\"elementor-divider\">\n\t\t\t<span class=\"elementor-divider-separator\">\n\t\t\t\t\t\t<\/span>\n\t\t<\/div>\n\t\t\t\t\t\t<\/div>\n\t\t\t\t<\/div>\n\t\t\t\t<div class=\"elementor-element elementor-element-b273f66 elementor-widget elementor-widget-shortcode\" data-id=\"b273f66\" data-element_type=\"widget\" data-e-type=\"widget\" data-widget_type=\"shortcode.default\">\n\t\t\t\t<div class=\"elementor-widget-container\">\n\t\t\t\t\t\t\t<div class=\"elementor-shortcode\"><sc-checkout\n\tclass=\"checkout\"\n\tid=\"sc-checkout-851\"\n\tstyle=\"text-align: left;--sc-form-row-spacing: 25px;\"\n\tmodified=\"2026-01-03 14:05:17\"\n\talignment=\"\"\n\tsuccess-url=\"\"\n>\n\t<sc-form>\n\t\t\t\t\t<sc-checkbox name=\"get_feedback\" value=\"Feedback\" style=\"display: none !important;\"><\/sc-checkbox>\n\t\t\t\t\n<div class=\"wp-block-surecart-product-donation\">\n\t\t\t\t\n<div style=\"border: none;  --columns:3;  \" class=\"wp-block-surecart-product-donation-amounts\">\n\t\t\t\t<sc-choices label=\"Donatie hoeveelheid\" required=\"true\">\n\t\t\t\t\t\n<sc-product-donation-amount-choice class=\"wp-block-surecart-product-donation-amount\" value=\"500\" product-id=\"b0861f69-1d18-4b14-975e-9429d13f8975\" label=\"\u20ac5\" recurring=\"false\"><\/sc-product-donation-amount-choice>\n\n<sc-product-donation-amount-choice class=\"wp-block-surecart-product-donation-amount\" value=\"1000\" product-id=\"b0861f69-1d18-4b14-975e-9429d13f8975\" label=\"\u20ac10\" recurring=\"false\"><\/sc-product-donation-amount-choice>\n\n<sc-product-donation-amount-choice class=\"wp-block-surecart-product-donation-amount\" value=\"2000\" product-id=\"b0861f69-1d18-4b14-975e-9429d13f8975\" label=\"\u20ac20\" recurring=\"false\"><\/sc-product-donation-amount-choice>\n\n<sc-product-donation-amount-choice class=\"wp-block-surecart-product-donation-amount\" value=\"5000\" product-id=\"b0861f69-1d18-4b14-975e-9429d13f8975\" label=\"\u20ac50\" recurring=\"false\"><\/sc-product-donation-amount-choice>\n\n<sc-product-donation-amount-choice class=\"wp-block-surecart-product-donation-amount\" value=\"10000\" product-id=\"b0861f69-1d18-4b14-975e-9429d13f8975\" label=\"\u20ac100\" recurring=\"false\"><\/sc-product-donation-amount-choice>\n\n<sc-product-donation-amount-choice class=\"wp-block-surecart-product-donation-amount\" value=\"20000\" product-id=\"b0861f69-1d18-4b14-975e-9429d13f8975\" label=\"\u20ac200\" recurring=\"false\"><\/sc-product-donation-amount-choice>\n\n<sc-product-donation-custom-amount class=\"wp-block-surecart-product-donation-custom-amount\" product-id=\"b0861f69-1d18-4b14-975e-9429d13f8975\"><\/sc-product-donation-custom-amount>\n\n\t\t\t\t<\/sc-choices>\n\t\t\t<\/div>\n\n<div style=\"border: none;  --columns:2; \" class=\"wp-block-surecart-product-donation-prices\">\n\t\t\t\t<sc-choices label=\"Maak het maandelijks\" required=\"true\">\n\t\t\t\t\t\n<sc-product-donation-choices class=\"wp-block-surecart-product-donation-price\" recurring=\"false\" product-id=\"b0861f69-1d18-4b14-975e-9429d13f8975\">Hay\u0131r, \u015fimdi bunu se\u00e7miyorum<\/sc-product-donation-choices>\n\n<sc-product-donation-choices class=\"wp-block-surecart-product-donation-price\" recurring=\"true\" product-id=\"b0861f69-1d18-4b14-975e-9429d13f8975\">Evet, sizi her ay desteklemekten mutluluk duyuyorum<\/sc-product-donation-choices>\n\n\t\t\t\t<\/sc-choices>\n\t\t\t<\/div>\n\n\t\t\t<\/div>\n\n\n<p style=\"margin-top:-15px;padding-top:54;font-size:17px\"><em>Ayl\u0131k bir miktar ba\u011f\u0131\u015fta bulunmak bizim i\u00e7in tek seferlik bir ba\u011f\u0131\u015ftan daha de\u011ferlidir.<br>Bunun nedeni \u015fu anda ayl\u0131k maliyetlerimizin alt\u0131nda olmam\u0131zd\u0131r.<\/em><\/p>\n\n\n\n<div class=\"wp-block-surecart-columns is-layout-flex wp-block-surecart-columns-is-layout-flex\">\n<div class=\"wp-block-surecart-column\">\n<sc-customer-name label=\"Voor- en achternaam\" class=\"wp-block-surecart-name\"><\/sc-customer-name>\n<\/div>\n\n\n\n<div class=\"wp-block-surecart-column\">\n\t\t<sc-customer-email\n\t\t\tclass=\"\"\n\t\t\tlabel=\"Email\"\n\t\t\t\t\t\t\t\t\t\t\t\t\t\t\trequired\n\t\t\tautocomplete='email'\n\t\t\tinputmode='email'\n\t\t>\n\t\t<\/sc-customer-email>\n\n\t\t<\/div>\n<\/div>\n\n\n\n\t\t<sc-payment\n\t\t\tid=\"sc-payment-0\"\n\t\t\tclass=\"\"\n\t\t>\n\t\t\t\t\t\t\t<sc-stripe-payment-element slot=\"stripe\"><\/sc-stripe-payment-element>\n\t\t\t\n\t\t\t\t\t<\/sc-payment>\n\t\t\n\n\t\t<sc-order-submit\n\t\t\ttype=\"primary\"\n\t\t\tfull=\"true\"\n\t\t\tsize=\"large\"\n\t\t\ticon=\"lock\"\t\t\tshow-total=\"true\"\n\t\t\tsecure-notice=\"true\"\n\t\t\tsecure-notice-text=\"Dit is een veilige, versleutelde betaling.\"\n\t\t\t\t\t\t\t\t\tclass=\"wp-block-surecart-submit\"\n\t\t>Ba\u011f\u0131\u015f Yap\u0131n<\/sc-order-submit>\n\t\t\n\t<\/sc-form>\n<\/sc-checkout>\n<\/div>\n\t\t\t\t\t\t<\/div>\n\t\t\t\t<\/div>\n\t\t<div class=\"elementor-element elementor-element-400f0b0 e-con-full animated-fast elementor-hidden-desktop elementor-hidden-laptop elementor-hidden-tablet elementor-hidden-mobile e-flex e-con e-child\" data-id=\"400f0b0\" data-element_type=\"container\" data-e-type=\"container\" data-settings=\"{&quot;background_background&quot;:&quot;classic&quot;,&quot;animation&quot;:&quot;none&quot;,&quot;animation_delay&quot;:750}\">\n\t\t\t\t<div class=\"elementor-element elementor-element-6c4e926 elementor-align-justify elementor-widget__width-initial elementor-widget elementor-widget-button\" data-id=\"6c4e926\" data-element_type=\"widget\" data-e-type=\"widget\" data-widget_type=\"button.default\">\n\t\t\t\t<div class=\"elementor-widget-container\">\n\t\t\t\t\t\t\t\t\t<div class=\"elementor-button-wrapper\">\n\t\t\t\t\t<a class=\"elementor-button elementor-button-link elementor-size-sm\" href=\"https:\/\/www.ing.nl\/payreq\/m\/?trxid=5DBT5hLmD288olz2tctNJPfSvfRhnZOc\" target=\"_blank\">\n\t\t\t\t\t\t<span class=\"elementor-button-content-wrapper\">\n\t\t\t\t\t\t\t\t\t<span class=\"elementor-button-text\">\u20ac\u00a05,00<\/span>\n\t\t\t\t\t<\/span>\n\t\t\t\t\t<\/a>\n\t\t\t\t<\/div>\n\t\t\t\t\t\t\t\t<\/div>\n\t\t\t\t<\/div>\n\t\t\t\t<div class=\"elementor-element elementor-element-ad04710 elementor-align-justify elementor-widget__width-initial elementor-widget elementor-widget-button\" data-id=\"ad04710\" data-element_type=\"widget\" data-e-type=\"widget\" data-widget_type=\"button.default\">\n\t\t\t\t<div class=\"elementor-widget-container\">\n\t\t\t\t\t\t\t\t\t<div class=\"elementor-button-wrapper\">\n\t\t\t\t\t<a class=\"elementor-button elementor-button-link elementor-size-sm\" href=\"https:\/\/www.ing.nl\/payreq\/m\/?trxid=IjE2mtuneWyJQ0RKhfAnWAaE3tNRi5ni\" target=\"_blank\">\n\t\t\t\t\t\t<span class=\"elementor-button-content-wrapper\">\n\t\t\t\t\t\t\t\t\t<span class=\"elementor-button-text\">\u20ac\u00a010,00<\/span>\n\t\t\t\t\t<\/span>\n\t\t\t\t\t<\/a>\n\t\t\t\t<\/div>\n\t\t\t\t\t\t\t\t<\/div>\n\t\t\t\t<\/div>\n\t\t\t\t<div class=\"elementor-element elementor-element-d50c7c2 elementor-align-justify elementor-widget__width-initial elementor-widget elementor-widget-button\" data-id=\"d50c7c2\" data-element_type=\"widget\" data-e-type=\"widget\" data-widget_type=\"button.default\">\n\t\t\t\t<div class=\"elementor-widget-container\">\n\t\t\t\t\t\t\t\t\t<div class=\"elementor-button-wrapper\">\n\t\t\t\t\t<a class=\"elementor-button elementor-button-link elementor-size-sm\" href=\"https:\/\/www.ing.nl\/payreq\/m\/?trxid=Gpl92QrtLNHLzTZEk9TNX2zUIf6KkEzo\" target=\"_blank\">\n\t\t\t\t\t\t<span class=\"elementor-button-content-wrapper\">\n\t\t\t\t\t\t\t\t\t<span class=\"elementor-button-text\">\u20ac\u00a020,00<\/span>\n\t\t\t\t\t<\/span>\n\t\t\t\t\t<\/a>\n\t\t\t\t<\/div>\n\t\t\t\t\t\t\t\t<\/div>\n\t\t\t\t<\/div>\n\t\t\t\t<div class=\"elementor-element elementor-element-947df9d elementor-align-justify elementor-widget__width-initial elementor-widget elementor-widget-button\" data-id=\"947df9d\" data-element_type=\"widget\" data-e-type=\"widget\" data-widget_type=\"button.default\">\n\t\t\t\t<div class=\"elementor-widget-container\">\n\t\t\t\t\t\t\t\t\t<div class=\"elementor-button-wrapper\">\n\t\t\t\t\t<a class=\"elementor-button elementor-button-link elementor-size-sm\" href=\"https:\/\/www.ing.nl\/payreq\/m\/?trxid=NR1j4bCmSCVmxFsRgMCzUrW2ftZBCLsV\" target=\"_blank\">\n\t\t\t\t\t\t<span class=\"elementor-button-content-wrapper\">\n\t\t\t\t\t\t\t\t\t<span class=\"elementor-button-text\">\u20ac\u00a050,00<\/span>\n\t\t\t\t\t<\/span>\n\t\t\t\t\t<\/a>\n\t\t\t\t<\/div>\n\t\t\t\t\t\t\t\t<\/div>\n\t\t\t\t<\/div>\n\t\t\t\t<div class=\"elementor-element elementor-element-5975763 elementor-align-justify elementor-widget__width-initial elementor-widget elementor-widget-button\" data-id=\"5975763\" data-element_type=\"widget\" data-e-type=\"widget\" data-widget_type=\"button.default\">\n\t\t\t\t<div class=\"elementor-widget-container\">\n\t\t\t\t\t\t\t\t\t<div class=\"elementor-button-wrapper\">\n\t\t\t\t\t<a class=\"elementor-button elementor-button-link elementor-size-sm\" href=\"https:\/\/www.ing.nl\/payreq\/m\/?trxid=yHt0he5KtxZQkqR79cKjn5y7R7yNulKB\" target=\"_blank\">\n\t\t\t\t\t\t<span class=\"elementor-button-content-wrapper\">\n\t\t\t\t\t\t\t\t\t<span class=\"elementor-button-text\">Istedi\u011finiz miktar<\/span>\n\t\t\t\t\t<\/span>\n\t\t\t\t\t<\/a>\n\t\t\t\t<\/div>\n\t\t\t\t\t\t\t\t<\/div>\n\t\t\t\t<\/div>\n\t\t\t\t<\/div>\n\t\t\t\t<div class=\"elementor-element elementor-element-91364fa elementor-widget-divider--view-line elementor-widget elementor-widget-divider\" data-id=\"91364fa\" data-element_type=\"widget\" data-e-type=\"widget\" data-widget_type=\"divider.default\">\n\t\t\t\t<div class=\"elementor-widget-container\">\n\t\t\t\t\t\t\t<div class=\"elementor-divider\">\n\t\t\t<span class=\"elementor-divider-separator\">\n\t\t\t\t\t\t<\/span>\n\t\t<\/div>\n\t\t\t\t\t\t<\/div>\n\t\t\t\t<\/div>\n\t\t\t\t<div class=\"elementor-element elementor-element-fd5a768 elementor-arrows-position-inside elementor-pagination-position-outside elementor-widget elementor-widget-image-carousel\" data-id=\"fd5a768\" data-element_type=\"widget\" data-e-type=\"widget\" data-settings=\"{&quot;navigation&quot;:&quot;both&quot;,&quot;autoplay&quot;:&quot;yes&quot;,&quot;pause_on_hover&quot;:&quot;yes&quot;,&quot;pause_on_interaction&quot;:&quot;yes&quot;,&quot;autoplay_speed&quot;:5000,&quot;infinite&quot;:&quot;yes&quot;,&quot;speed&quot;:500}\" data-widget_type=\"image-carousel.default\">\n\t\t\t\t<div class=\"elementor-widget-container\">\n\t\t\t\t\t\t\t<div class=\"elementor-image-carousel-wrapper swiper\" role=\"region\" aria-roledescription=\"carousel\" aria-label=\"Resim Karuseli\" dir=\"ltr\">\n\t\t\t<div class=\"elementor-image-carousel swiper-wrapper swiper-image-stretch\" aria-live=\"off\">\n\t\t\t\t\t\t\t\t<div class=\"swiper-slide\" role=\"group\" aria-roledescription=\"slide\" aria-label=\"1 \/ 8\"><figure class=\"swiper-slide-inner\"><img decoding=\"async\" class=\"swiper-slide-image\" src=\"https:\/\/fecirjongeren.nl\/wp-content\/uploads\/2025\/10\/20250907_113718.webp\" alt=\"20250907_113718\" \/><\/figure><\/div><div class=\"swiper-slide\" role=\"group\" aria-roledescription=\"slide\" aria-label=\"2 \/ 8\"><figure class=\"swiper-slide-inner\"><img decoding=\"async\" class=\"swiper-slide-image\" src=\"https:\/\/fecirjongeren.nl\/wp-content\/uploads\/2025\/10\/20250907_113806.webp\" alt=\"20250907_113806\" \/><\/figure><\/div><div class=\"swiper-slide\" role=\"group\" aria-roledescription=\"slide\" aria-label=\"3 \/ 8\"><figure class=\"swiper-slide-inner\"><img decoding=\"async\" class=\"swiper-slide-image\" src=\"https:\/\/fecirjongeren.nl\/wp-content\/uploads\/2025\/10\/20250907_113820.webp\" alt=\"20250907_113820\" \/><\/figure><\/div><div class=\"swiper-slide\" role=\"group\" aria-roledescription=\"slide\" aria-label=\"4 \/ 8\"><figure class=\"swiper-slide-inner\"><img decoding=\"async\" class=\"swiper-slide-image\" src=\"https:\/\/fecirjongeren.nl\/wp-content\/uploads\/2025\/10\/20250907_113834.webp\" alt=\"20250907_113834\" \/><\/figure><\/div><div class=\"swiper-slide\" role=\"group\" aria-roledescription=\"slide\" aria-label=\"5 \/ 8\"><figure class=\"swiper-slide-inner\"><img decoding=\"async\" class=\"swiper-slide-image\" src=\"https:\/\/fecirjongeren.nl\/wp-content\/uploads\/2025\/10\/20250907_113851.webp\" alt=\"20250907_113851\" \/><\/figure><\/div><div class=\"swiper-slide\" role=\"group\" aria-roledescription=\"slide\" aria-label=\"6 \/ 8\"><figure class=\"swiper-slide-inner\"><img decoding=\"async\" class=\"swiper-slide-image\" src=\"https:\/\/fecirjongeren.nl\/wp-content\/uploads\/2025\/10\/20250907_113900.webp\" alt=\"20250907_113900\" \/><\/figure><\/div><div class=\"swiper-slide\" role=\"group\" aria-roledescription=\"slide\" aria-label=\"7 \/ 8\"><figure class=\"swiper-slide-inner\"><img decoding=\"async\" class=\"swiper-slide-image\" src=\"https:\/\/fecirjongeren.nl\/wp-content\/uploads\/2025\/10\/20250907_113920.webp\" alt=\"20250907_113920\" \/><\/figure><\/div><div class=\"swiper-slide\" role=\"group\" aria-roledescription=\"slide\" aria-label=\"8 \/ 8\"><figure class=\"swiper-slide-inner\"><img decoding=\"async\" class=\"swiper-slide-image\" src=\"https:\/\/fecirjongeren.nl\/wp-content\/uploads\/2025\/10\/20250907_113909.webp\" alt=\"20250907_113909\" \/><\/figure><\/div>\t\t\t<\/div>\n\t\t\t\t\t\t\t\t\t\t\t\t<div class=\"elementor-swiper-button elementor-swiper-button-prev\" role=\"button\" tabindex=\"0\">\n\t\t\t\t\t\t<svg aria-hidden=\"true\" class=\"e-font-icon-svg e-eicon-chevron-left\" viewbox=\"0 0 1000 1000\" xmlns=\"http:\/\/www.w3.org\/2000\/svg\"><path d=\"M646 125C629 125 613 133 604 142L308 442C296 454 292 471 292 487 292 504 296 521 308 533L604 854C617 867 629 875 646 875 663 875 679 871 692 858 704 846 713 829 713 812 713 796 708 779 692 767L438 487 692 225C700 217 708 204 708 187 708 171 704 154 692 142 675 129 663 125 646 125Z\"><\/path><\/svg>\t\t\t\t\t<\/div>\n\t\t\t\t\t<div class=\"elementor-swiper-button elementor-swiper-button-next\" role=\"button\" tabindex=\"0\">\n\t\t\t\t\t\t<svg aria-hidden=\"true\" class=\"e-font-icon-svg e-eicon-chevron-right\" viewbox=\"0 0 1000 1000\" xmlns=\"http:\/\/www.w3.org\/2000\/svg\"><path d=\"M696 533C708 521 713 504 713 487 713 471 708 454 696 446L400 146C388 133 375 125 354 125 338 125 325 129 313 142 300 154 292 171 292 187 292 204 296 221 308 233L563 492 304 771C292 783 288 800 288 817 288 833 296 850 308 863 321 871 338 875 354 875 371 875 388 867 400 854L696 533Z\"><\/path><\/svg>\t\t\t\t\t<\/div>\n\t\t\t\t\n\t\t\t\t\t\t\t\t\t<div class=\"swiper-pagination\"><\/div>\n\t\t\t\t\t\t\t\t\t<\/div>\n\t\t\t\t\t\t<\/div>\n\t\t\t\t<\/div>\n\t\t\t\t<\/div>\n\t\t\t\t\t<\/div>\n\t\t\t\t<\/div>\n\t\t\t\t<\/div>","protected":false},"excerpt":{"rendered":"<p>Steun onze Stichting en maak het verschil! Met jouw donatie help je ons om jongeren te ondersteunen, te inspireren en te verbinden. Elke bijdrage, groot of klein, draagt bij aan een betere toekomst voor onze gemeenschap. Samen kunnen we projecten realiseren die \u00e9cht impact hebben. We organiseren lezingen, cursussen en workshops om jongeren kansen te [&hellip;]<\/p>\n","protected":false},"author":1,"featured_media":0,"parent":0,"menu_order":0,"comment_status":"closed","ping_status":"closed","template":"elementor_header_footer","meta":{"_surecart_dashboard_logo_width":"180px","_surecart_dashboard_show_logo":true,"_surecart_dashboard_navigation_orders":true,"_surecart_dashboard_navigation_invoices":true,"_surecart_dashboard_navigation_subscriptions":true,"_surecart_dashboard_navigation_downloads":true,"_surecart_dashboard_navigation_billing":true,"_surecart_dashboard_navigation_account":true,"uix_meta_title":"","uix_meta_description":"","uix_canonical_url":"","footnotes":""},"class_list":["post-726","page","type-page","status-publish","hentry"],"_links":{"self":[{"href":"https:\/\/fecirjongeren.nl\/tr\/wp-json\/wp\/v2\/pages\/726","targetHints":{"allow":["GET"]}}],"collection":[{"href":"https:\/\/fecirjongeren.nl\/tr\/wp-json\/wp\/v2\/pages"}],"about":[{"href":"https:\/\/fecirjongeren.nl\/tr\/wp-json\/wp\/v2\/types\/page"}],"author":[{"embeddable":true,"href":"https:\/\/fecirjongeren.nl\/tr\/wp-json\/wp\/v2\/users\/1"}],"replies":[{"embeddable":true,"href":"https:\/\/fecirjongeren.nl\/tr\/wp-json\/wp\/v2\/comments?post=726"}],"version-history":[{"count":82,"href":"https:\/\/fecirjongeren.nl\/tr\/wp-json\/wp\/v2\/pages\/726\/revisions"}],"predecessor-version":[{"id":972,"href":"https:\/\/fecirjongeren.nl\/tr\/wp-json\/wp\/v2\/pages\/726\/revisions\/972"}],"wp:attachment":[{"href":"https:\/\/fecirjongeren.nl\/tr\/wp-json\/wp\/v2\/media?parent=726"}],"curies":[{"name":"wp","href":"https:\/\/api.w.org\/{rel}","templated":true}]}}